{"id":9736,"date":"2025-08-01T17:06:25","date_gmt":"2025-08-01T15:06:25","guid":{"rendered":"https:\/\/inbright.de\/?page_id=9736"},"modified":"2025-08-01T17:06:56","modified_gmt":"2025-08-01T15:06:56","slug":"impresso","status":"publish","type":"page","link":"https:\/\/inbright.de\/pt\/impresso\/","title":{"rendered":"Impresso"},"content":{"rendered":"\t\t<div data-elementor-type=\"wp-page\" data-elementor-id=\"9736\" class=\"elementor elementor-9736 elementor-517\" data-elementor-post-type=\"page\">\n\t\t\t\t\t\t<section class=\"elementor-section elementor-top-section elementor-element elementor-element-2f9c09f elementor-section-stretched elementor-section-boxed elementor-section-height-default elementor-section-height-default\" data-id=\"2f9c09f\" data-element_type=\"section\" data-e-type=\"section\" id=\"show-fixed-bar\" data-settings=\"{&quot;stretch_section&quot;:&quot;section-stretched&quot;}\">\n\t\t\t\t\t\t<div class=\"elementor-container elementor-column-gap-default\">\n\t\t\t\t\t<div class=\"elementor-column elementor-col-100 elementor-top-column elementor-element elementor-element-57038cf\" data-id=\"57038cf\" data-element_type=\"column\" data-e-type=\"column\">\n\t\t\t<div class=\"elementor-widget-wrap elementor-element-populated\">\n\t\t\t\t\t\t<div class=\"elementor-element elementor-element-4d6d52a elementor-widget elementor-widget-heading\" data-id=\"4d6d52a\" data-element_type=\"widget\" data-e-type=\"widget\" data-widget_type=\"heading.default\">\n\t\t\t\t<div class=\"elementor-widget-container\">\n\t\t\t\t\t<h1 class=\"elementor-heading-title elementor-size-xl\">Impresso<\/h1>\t\t\t\t<\/div>\n\t\t\t\t<\/div>\n\t\t\t\t<div class=\"elementor-element elementor-element-375e6df elementor-widget elementor-widget-text-editor\" data-id=\"375e6df\" data-element_type=\"widget\" data-e-type=\"widget\" data-widget_type=\"text-editor.default\">\n\t\t\t\t<div class=\"elementor-widget-container\">\n\t\t\t\t\t\t\t\t\t<p><span lang=\"pt-PT\">Informa\u00e7\u00f5es de acordo com o \u00a75 TMG:<\/span><\/p><p><span lang=\"pt-PT\">INBRIGHT Development GmbH<\/span><\/p><p><span lang=\"pt-PT\">Erasmusstra\u00dfe 14 <\/span><\/p><p><span lang=\"pt-PT\">10553 Berlin <\/span><\/p><p><span lang=\"pt-PT\">+49 30 4036862-0<\/span><\/p><p><span style=\"color: #467886;\"><u><a href=\"mailto:info@inbright.de\"><span lang=\"pt-PT\">info@inbright.de<\/span><\/a><\/u><\/span><\/p><p><span style=\"color: #467886;\"><u><a href=\"http:\/\/www.inbright.de\/\"><span lang=\"pt-PT\">www.inbright.de<\/span><\/a><\/u><\/span><\/p><p lang=\"pt-PT\"><br \/><br \/><\/p><p><span lang=\"pt-PT\">Tribunal de registo comercial: AG Charlottenburg <\/span><\/p><p><span lang=\"pt-PT\">N\u00famero de registo: HRB 209262B <\/span><\/p><p><span lang=\"pt-PT\">N\u00famero de contribuinte DE 325715976 de acordo com \u00a727 da Lei do Imposto sobre o Valor Acrescentado<\/span><\/p><p lang=\"pt-PT\"><br \/><br \/><\/p><p><span lang=\"pt-PT\">Diretores executivos autorizados a representar a empresa: <\/span><\/p><p>Johannes N\u00f6ldeke, Sebastian Pijnenburg, Torsten Schmidt<\/p><p><br \/><br \/><\/p><p><span lang=\"pt-PT\">Desenvolvimento e implementa\u00e7\u00e3o do website:<\/span><\/p><p><span style=\"color: #467886;\"><u><a href=\"https:\/\/www.mewigo.de\/\"><span lang=\"pt-PT\">WordPress MEWIGO<\/span><\/a><\/u><\/span><\/p><p lang=\"pt-PT\"><br \/><br \/><\/p><p><span lang=\"pt-PT\"><b>Fontes das fotografias:<\/b><\/span><\/p><p><span lang=\"pt-PT\">Fotografias pessoais e de arquitetura: Fot\u00f3grafo Simon Wegener <\/span><\/p><p><span lang=\"pt-PT\">Visualiza\u00e7\u00f5es Holzpark Hanau: Arquiteto Georg Hagen<\/span><\/p><p><span lang=\"pt-PT\">Visualiza\u00e7\u00f5es Hamburg Billbrook: ATP Hamburg Planungs GmbH<\/span><\/p><p><span lang=\"pt-PT\">Newsroom: Schreibmaschiene | Pexels &#8211; Markus Winkler<\/span><\/p><p>Imagens Friedberg: Jones Lang LaSalle<\/p>\t\t\t\t\t\t\t\t<\/div>\n\t\t\t\t<\/div>\n\t\t\t\t\t<\/div>\n\t\t<\/div>\n\t\t\t\t\t<\/div>\n\t\t<\/section>\n\t\t\t\t<\/div>\n\t\t","protected":false},"excerpt":{"rendered":"<p>Impresso Informa\u00e7\u00f5es de acordo com o \u00a75 TMG: INBRIGHT Development GmbH Erasmusstra\u00dfe 14 10553 Berlin +49 30 4036862-0 info@inbright.de www.inbright.de Tribunal de registo comercial: AG Charlottenburg N\u00famero de registo: HRB 209262B N\u00famero de contribuinte DE 325715976 de acordo com \u00a727 da Lei do Imposto sobre o Valor Acrescentado Diretores executivos autorizados a representar a empresa: [&hellip;]<\/p>\n","protected":false},"author":1,"featured_media":0,"parent":0,"menu_order":37,"comment_status":"closed","ping_status":"closed","template":"full-dark-header.php","meta":{"_acf_changed":false,"footnotes":""},"class_list":["post-9736","page","type-page","status-publish","hentry"],"acf":[],"yoast_head":"<!-- This site is optimized with the Yoast SEO plugin v27.4 - https:\/\/yoast.com\/product\/yoast-seo-wordpress\/ -->\n<title>Impresso | INBRIGHT<\/title>\n<meta name=\"robots\" content=\"index, follow, max-snippet:-1, max-image-preview:large, max-video-preview:-1\" \/>\n<link rel=\"canonical\" href=\"https:\/\/inbright.de\/pt\/impresso\/\" \/>\n<meta property=\"og:locale\" content=\"pt_PT\" \/>\n<meta property=\"og:type\" content=\"article\" \/>\n<meta property=\"og:title\" content=\"Impresso | INBRIGHT\" \/>\n<meta property=\"og:description\" content=\"Impresso Informa\u00e7\u00f5es de acordo com o \u00a75 TMG: INBRIGHT Development GmbH Erasmusstra\u00dfe 14 10553 Berlin +49 30 4036862-0 info@inbright.de www.inbright.de Tribunal de registo comercial: AG Charlottenburg N\u00famero de registo: HRB 209262B N\u00famero de contribuinte DE 325715976 de acordo com \u00a727 da Lei do Imposto sobre o Valor Acrescentado Diretores executivos autorizados a representar a empresa: [&hellip;]\" \/>\n<meta property=\"og:url\" content=\"https:\/\/inbright.de\/pt\/impresso\/\" \/>\n<meta property=\"og:site_name\" content=\"INBRIGHT\" \/>\n<meta property=\"article:modified_time\" content=\"2025-08-01T15:06:56+00:00\" \/>\n<meta property=\"og:image\" content=\"https:\/\/inbright.de\/wp-content\/uploads\/2021\/08\/inbright-startseite.jpg\" \/>\n\t<meta property=\"og:image:width\" content=\"1920\" \/>\n\t<meta property=\"og:image:height\" content=\"1029\" \/>\n\t<meta property=\"og:image:type\" content=\"image\/jpeg\" \/>\n<meta name=\"twitter:card\" content=\"summary_large_image\" \/>\n<meta name=\"twitter:label1\" content=\"Tempo estimado de leitura\" \/>\n\t<meta name=\"twitter:data1\" content=\"1 minuto\" \/>\n<script type=\"application\/ld+json\" class=\"yoast-schema-graph\">{\"@context\":\"https:\\\/\\\/schema.org\",\"@graph\":[{\"@type\":\"WebPage\",\"@id\":\"https:\\\/\\\/inbright.de\\\/pt\\\/impresso\\\/\",\"url\":\"https:\\\/\\\/inbright.de\\\/pt\\\/impresso\\\/\",\"name\":\"Impresso | INBRIGHT\",\"isPartOf\":{\"@id\":\"https:\\\/\\\/inbright.de\\\/#website\"},\"datePublished\":\"2025-08-01T15:06:25+00:00\",\"dateModified\":\"2025-08-01T15:06:56+00:00\",\"breadcrumb\":{\"@id\":\"https:\\\/\\\/inbright.de\\\/pt\\\/impresso\\\/#breadcrumb\"},\"inLanguage\":\"pt-PT\",\"potentialAction\":[{\"@type\":\"ReadAction\",\"target\":[\"https:\\\/\\\/inbright.de\\\/pt\\\/impresso\\\/\"]}]},{\"@type\":\"BreadcrumbList\",\"@id\":\"https:\\\/\\\/inbright.de\\\/pt\\\/impresso\\\/#breadcrumb\",\"itemListElement\":[{\"@type\":\"ListItem\",\"position\":1,\"name\":\"Startseite\",\"item\":\"https:\\\/\\\/inbright.de\\\/\"},{\"@type\":\"ListItem\",\"position\":2,\"name\":\"Impresso\"}]},{\"@type\":\"WebSite\",\"@id\":\"https:\\\/\\\/inbright.de\\\/#website\",\"url\":\"https:\\\/\\\/inbright.de\\\/\",\"name\":\"INBRIGHT\",\"description\":\"Immobilienentwickler, Investor und Asset Manager\",\"publisher\":{\"@id\":\"https:\\\/\\\/inbright.de\\\/#organization\"},\"potentialAction\":[{\"@type\":\"SearchAction\",\"target\":{\"@type\":\"EntryPoint\",\"urlTemplate\":\"https:\\\/\\\/inbright.de\\\/?s={search_term_string}\"},\"query-input\":{\"@type\":\"PropertyValueSpecification\",\"valueRequired\":true,\"valueName\":\"search_term_string\"}}],\"inLanguage\":\"pt-PT\"},{\"@type\":\"Organization\",\"@id\":\"https:\\\/\\\/inbright.de\\\/#organization\",\"name\":\"INBRIGHT Development GmbH\",\"url\":\"https:\\\/\\\/inbright.de\\\/\",\"logo\":{\"@type\":\"ImageObject\",\"inLanguage\":\"pt-PT\",\"@id\":\"https:\\\/\\\/inbright.de\\\/#\\\/schema\\\/logo\\\/image\\\/\",\"url\":\"https:\\\/\\\/inbright.de\\\/wp-content\\\/uploads\\\/2021\\\/08\\\/INBRIGHT_Logo.jpg\",\"contentUrl\":\"https:\\\/\\\/inbright.de\\\/wp-content\\\/uploads\\\/2021\\\/08\\\/INBRIGHT_Logo.jpg\",\"width\":886,\"height\":437,\"caption\":\"INBRIGHT Development GmbH\"},\"image\":{\"@id\":\"https:\\\/\\\/inbright.de\\\/#\\\/schema\\\/logo\\\/image\\\/\"}}]}<\/script>\n<!-- \/ Yoast SEO plugin. -->","yoast_head_json":{"title":"Impresso | INBRIGHT","robots":{"index":"index","follow":"follow","max-snippet":"max-snippet:-1","max-image-preview":"max-image-preview:large","max-video-preview":"max-video-preview:-1"},"canonical":"https:\/\/inbright.de\/pt\/impresso\/","og_locale":"pt_PT","og_type":"article","og_title":"Impresso | INBRIGHT","og_description":"Impresso Informa\u00e7\u00f5es de acordo com o \u00a75 TMG: INBRIGHT Development GmbH Erasmusstra\u00dfe 14 10553 Berlin +49 30 4036862-0 info@inbright.de www.inbright.de Tribunal de registo comercial: AG Charlottenburg N\u00famero de registo: HRB 209262B N\u00famero de contribuinte DE 325715976 de acordo com \u00a727 da Lei do Imposto sobre o Valor Acrescentado Diretores executivos autorizados a representar a empresa: [&hellip;]","og_url":"https:\/\/inbright.de\/pt\/impresso\/","og_site_name":"INBRIGHT","article_modified_time":"2025-08-01T15:06:56+00:00","og_image":[{"width":1920,"height":1029,"url":"https:\/\/inbright.de\/wp-content\/uploads\/2021\/08\/inbright-startseite.jpg","type":"image\/jpeg"}],"twitter_card":"summary_large_image","twitter_misc":{"Tempo estimado de leitura":"1 minuto"},"schema":{"@context":"https:\/\/schema.org","@graph":[{"@type":"WebPage","@id":"https:\/\/inbright.de\/pt\/impresso\/","url":"https:\/\/inbright.de\/pt\/impresso\/","name":"Impresso | INBRIGHT","isPartOf":{"@id":"https:\/\/inbright.de\/#website"},"datePublished":"2025-08-01T15:06:25+00:00","dateModified":"2025-08-01T15:06:56+00:00","breadcrumb":{"@id":"https:\/\/inbright.de\/pt\/impresso\/#breadcrumb"},"inLanguage":"pt-PT","potentialAction":[{"@type":"ReadAction","target":["https:\/\/inbright.de\/pt\/impresso\/"]}]},{"@type":"BreadcrumbList","@id":"https:\/\/inbright.de\/pt\/impresso\/#breadcrumb","itemListElement":[{"@type":"ListItem","position":1,"name":"Startseite","item":"https:\/\/inbright.de\/"},{"@type":"ListItem","position":2,"name":"Impresso"}]},{"@type":"WebSite","@id":"https:\/\/inbright.de\/#website","url":"https:\/\/inbright.de\/","name":"INBRIGHT","description":"Immobilienentwickler, Investor und Asset Manager","publisher":{"@id":"https:\/\/inbright.de\/#organization"},"potentialAction":[{"@type":"SearchAction","target":{"@type":"EntryPoint","urlTemplate":"https:\/\/inbright.de\/?s={search_term_string}"},"query-input":{"@type":"PropertyValueSpecification","valueRequired":true,"valueName":"search_term_string"}}],"inLanguage":"pt-PT"},{"@type":"Organization","@id":"https:\/\/inbright.de\/#organization","name":"INBRIGHT Development GmbH","url":"https:\/\/inbright.de\/","logo":{"@type":"ImageObject","inLanguage":"pt-PT","@id":"https:\/\/inbright.de\/#\/schema\/logo\/image\/","url":"https:\/\/inbright.de\/wp-content\/uploads\/2021\/08\/INBRIGHT_Logo.jpg","contentUrl":"https:\/\/inbright.de\/wp-content\/uploads\/2021\/08\/INBRIGHT_Logo.jpg","width":886,"height":437,"caption":"INBRIGHT Development GmbH"},"image":{"@id":"https:\/\/inbright.de\/#\/schema\/logo\/image\/"}}]}},"_links":{"self":[{"href":"https:\/\/inbright.de\/pt\/wp-json\/wp\/v2\/pages\/9736","targetHints":{"allow":["GET"]}}],"collection":[{"href":"https:\/\/inbright.de\/pt\/wp-json\/wp\/v2\/pages"}],"about":[{"href":"https:\/\/inbright.de\/pt\/wp-json\/wp\/v2\/types\/page"}],"author":[{"embeddable":true,"href":"https:\/\/inbright.de\/pt\/wp-json\/wp\/v2\/users\/1"}],"replies":[{"embeddable":true,"href":"https:\/\/inbright.de\/pt\/wp-json\/wp\/v2\/comments?post=9736"}],"version-history":[{"count":2,"href":"https:\/\/inbright.de\/pt\/wp-json\/wp\/v2\/pages\/9736\/revisions"}],"predecessor-version":[{"id":9741,"href":"https:\/\/inbright.de\/pt\/wp-json\/wp\/v2\/pages\/9736\/revisions\/9741"}],"wp:attachment":[{"href":"https:\/\/inbright.de\/pt\/wp-json\/wp\/v2\/media?parent=9736"}],"curies":[{"name":"wp","href":"https:\/\/api.w.org\/{rel}","templated":true}]}}