{"id":9497,"date":"2025-08-01T13:38:11","date_gmt":"2025-08-01T11:38:11","guid":{"rendered":"https:\/\/inbright.de\/?page_id=9497"},"modified":"2026-02-13T09:58:23","modified_gmt":"2026-02-13T08:58:23","slug":"inbright-nature","status":"publish","type":"page","link":"https:\/\/inbright.de\/pt\/inbright-nature\/","title":{"rendered":"INBRIGHT Nature"},"content":{"rendered":"\t\t<div data-elementor-type=\"wp-page\" data-elementor-id=\"9497\" class=\"elementor elementor-9497 elementor-2823\" data-elementor-post-type=\"page\">\n\t\t\t\t<div class=\"elementor-element elementor-element-d768651 bright-header e-con-full e-flex e-con e-parent\" data-id=\"d768651\" data-element_type=\"container\" data-e-type=\"container\" data-settings=\"{&quot;background_background&quot;:&quot;classic&quot;}\">\n\t\t<div class=\"elementor-element elementor-element-c6cdc9d e-flex e-con-boxed e-con e-child\" data-id=\"c6cdc9d\" data-element_type=\"container\" data-e-type=\"container\">\n\t\t\t\t\t<div class=\"e-con-inner\">\n\t\t<div class=\"elementor-element elementor-element-bbda5b5 e-con-full e-flex e-con e-child\" data-id=\"bbda5b5\" data-element_type=\"container\" data-e-type=\"container\">\n\t\t\t\t<div class=\"elementor-element elementor-element-804889f elementor-widget elementor-widget-heading\" data-id=\"804889f\" data-element_type=\"widget\" data-e-type=\"widget\" data-widget_type=\"heading.default\">\n\t\t\t\t<div class=\"elementor-widget-container\">\n\t\t\t\t\t<h1 class=\"elementor-heading-title elementor-size-default\">INBRIGHT<br>Nature<\/h1>\t\t\t\t<\/div>\n\t\t\t\t<\/div>\n\t\t\t\t<\/div>\n\t\t\t\t\t<\/div>\n\t\t\t\t<\/div>\n\t\t\t\t<\/div>\n\t\t\t\t<section class=\"elementor-section elementor-top-section elementor-element elementor-element-2f9c09f elementor-section-stretched elementor-section-boxed elementor-section-height-default elementor-section-height-default\" data-id=\"2f9c09f\" data-element_type=\"section\" data-e-type=\"section\" id=\"show-fixed-bar\" data-settings=\"{&quot;stretch_section&quot;:&quot;section-stretched&quot;}\">\n\t\t\t\t\t\t<div class=\"elementor-container elementor-column-gap-default\">\n\t\t\t\t\t<div class=\"elementor-column elementor-col-100 elementor-top-column elementor-element elementor-element-57038cf\" data-id=\"57038cf\" data-element_type=\"column\" data-e-type=\"column\">\n\t\t\t<div class=\"elementor-widget-wrap elementor-element-populated\">\n\t\t\t\t\t\t<div class=\"elementor-element elementor-element-4d6d52a elementor-widget elementor-widget-heading\" data-id=\"4d6d52a\" data-element_type=\"widget\" data-e-type=\"widget\" data-widget_type=\"heading.default\">\n\t\t\t\t<div class=\"elementor-widget-container\">\n\t\t\t\t\t<h2 class=\"elementor-heading-title elementor-size-default\">ADORAMOS IDEIAS INVULGARES<\/h2>\t\t\t\t<\/div>\n\t\t\t\t<\/div>\n\t\t\t\t<div class=\"elementor-element elementor-element-375e6df elementor-widget elementor-widget-text-editor\" data-id=\"375e6df\" data-element_type=\"widget\" data-e-type=\"widget\" data-widget_type=\"text-editor.default\">\n\t\t\t\t<div class=\"elementor-widget-container\">\n\t\t\t\t\t\t\t\t\t<p><span lang=\"pt-PT\">INBRIGHT Nature \u00e9 uma associa\u00e7\u00e3o sem fins lucrativos dedicada \u00e0 aquisi\u00e7\u00e3o de terrenos com o objetivo de aumentar o seu valor ecol\u00f3gico. O nosso primeiro projeto \u00e9 um terreno florestal de 20.000 m\u00b2 pr\u00f3ximo de Kremmen, nos arredores de Berlim.<br \/>\u00c0 primeira vista, este pinhal aparenta ser pura natureza. No entanto, nem sempre conseguimos ver a floresta por entre as \u00e1rvores. A biodiversidade e a resili\u00eancia de uma floresta de monocultura s\u00e3o bastante limitadas. Por isso, estamos a planear o desenvolvimento de uma floresta mista, mais capaz de enfrentar as altera\u00e7\u00f5es clim\u00e1ticas e de promover uma maior diversidade biol\u00f3gica.<br \/>Com este projeto, pretendemos aprofundar o nosso conhecimento sobre a floresta e os desafios que as altera\u00e7\u00f5es clim\u00e1ticas colocam ao nosso ambiente.<\/span><\/p>\t\t\t\t\t\t\t\t<\/div>\n\t\t\t\t<\/div>\n\t\t\t\t\t<\/div>\n\t\t<\/div>\n\t\t\t\t\t<\/div>\n\t\t<\/section>\n\t\t\t\t<section class=\"elementor-section elementor-top-section elementor-element elementor-element-94dc1a3 elementor-section-stretched elementor-section-boxed elementor-section-height-default elementor-section-height-default\" data-id=\"94dc1a3\" data-element_type=\"section\" data-e-type=\"section\" data-settings=\"{&quot;stretch_section&quot;:&quot;section-stretched&quot;}\">\n\t\t\t\t\t\t<div class=\"elementor-container elementor-column-gap-default\">\n\t\t\t\t\t<div class=\"elementor-column elementor-col-33 elementor-top-column elementor-element elementor-element-e2cb6c0\" data-id=\"e2cb6c0\" data-element_type=\"column\" data-e-type=\"column\">\n\t\t\t<div class=\"elementor-widget-wrap elementor-element-populated\">\n\t\t\t\t\t\t<div class=\"elementor-element elementor-element-fb638af elementor-widget elementor-widget-heading\" data-id=\"fb638af\" data-element_type=\"widget\" data-e-type=\"widget\" data-widget_type=\"heading.default\">\n\t\t\t\t<div class=\"elementor-widget-container\">\n\t\t\t\t\t<h3 class=\"elementor-heading-title elementor-size-default\">ASSOCIA\u00c7\u00c3O SEM<br>FINS LUCRATIVOS<\/h3>\t\t\t\t<\/div>\n\t\t\t\t<\/div>\n\t\t\t\t<div class=\"elementor-element elementor-element-1684c2c elementor-widget elementor-widget-text-editor\" data-id=\"1684c2c\" data-element_type=\"widget\" data-e-type=\"widget\" data-widget_type=\"text-editor.default\">\n\t\t\t\t<div class=\"elementor-widget-container\">\n\t\t\t\t\t\t\t\t\t<p><span lang=\"pt-PT\">Est\u00e1 prevista a planta\u00e7\u00e3o regular de \u00e1rvores, envolvendo toda a equipa da INBRIGHT, bem como parceiros externos interessados, sempre sob orienta\u00e7\u00e3o profissional e com participa\u00e7\u00e3o ativa no terreno.<br \/>O trabalho desenvolvido pela organiza\u00e7\u00e3o baseia-se no voluntariado, pelo que a INBRIGHT Nature funcionar\u00e1 como uma associa\u00e7\u00e3o sem fins lucrativos, dedicada \u00e0 promo\u00e7\u00e3o da sustentabilidade e da valoriza\u00e7\u00e3o ecol\u00f3gica dos territ\u00f3rios.<\/span><\/p>\t\t\t\t\t\t\t\t<\/div>\n\t\t\t\t<\/div>\n\t\t\t\t\t<\/div>\n\t\t<\/div>\n\t\t\t\t<div class=\"elementor-column elementor-col-33 elementor-top-column elementor-element elementor-element-a09d56b\" data-id=\"a09d56b\" data-element_type=\"column\" data-e-type=\"column\">\n\t\t\t<div class=\"elementor-widget-wrap elementor-element-populated\">\n\t\t\t\t\t\t<div class=\"elementor-element elementor-element-e8fe7de elementor-widget elementor-widget-heading\" data-id=\"e8fe7de\" data-element_type=\"widget\" data-e-type=\"widget\" data-widget_type=\"heading.default\">\n\t\t\t\t<div class=\"elementor-widget-container\">\n\t\t\t\t\t<h3 class=\"elementor-heading-title elementor-size-default\">FINANCIAMENTO<\/h3>\t\t\t\t<\/div>\n\t\t\t\t<\/div>\n\t\t\t\t<div class=\"elementor-element elementor-element-1db8b93 elementor-widget elementor-widget-text-editor\" data-id=\"1db8b93\" data-element_type=\"widget\" data-e-type=\"widget\" data-widget_type=\"text-editor.default\">\n\t\t\t\t<div class=\"elementor-widget-container\">\n\t\t\t\t\t\t\t\t\t<p><span lang=\"pt-PT\">A associa\u00e7\u00e3o e os seus projetos ambientais s\u00e3o financiados atrav\u00e9s de quotas e donativos dos seus membros. <br \/>Al\u00e9m disso, cada um dos empreendimentos geridos pela INBRIGHT contribui proporcionalmente, com base numa chave fixa calculada em euros por metro quadrado de espa\u00e7o de aluguer desenvolvido.<\/span><\/p>\t\t\t\t\t\t\t\t<\/div>\n\t\t\t\t<\/div>\n\t\t\t\t\t<\/div>\n\t\t<\/div>\n\t\t\t\t<div class=\"elementor-column elementor-col-33 elementor-top-column elementor-element elementor-element-418cad5\" data-id=\"418cad5\" data-element_type=\"column\" data-e-type=\"column\">\n\t\t\t<div class=\"elementor-widget-wrap elementor-element-populated\">\n\t\t\t\t\t\t<div class=\"elementor-element elementor-element-bccd2f1 elementor-widget elementor-widget-heading\" data-id=\"bccd2f1\" data-element_type=\"widget\" data-e-type=\"widget\" data-widget_type=\"heading.default\">\n\t\t\t\t<div class=\"elementor-widget-container\">\n\t\t\t\t\t<h3 class=\"elementor-heading-title elementor-size-default\">SUSTENTABILIDADE<\/h3>\t\t\t\t<\/div>\n\t\t\t\t<\/div>\n\t\t\t\t<div class=\"elementor-element elementor-element-5445fe7 elementor-widget elementor-widget-text-editor\" data-id=\"5445fe7\" data-element_type=\"widget\" data-e-type=\"widget\" data-widget_type=\"text-editor.default\">\n\t\t\t\t<div class=\"elementor-widget-container\">\n\t\t\t\t\t\t\t\t\t<p><span lang=\"pt-PT\">A INBRIGHT Nature e.V. n\u00e3o \u00e9 apenas a nossa resposta \u00e0s ondas de calor extremas, \u00e0 seca e \u00e0 perda de biodiversidade. A madeira recolhida durante o processo de transforma\u00e7\u00e3o da floresta mista \u00e9 tamb\u00e9m utilizada diretamente nos nossos projetos de constru\u00e7\u00e3o em Berlim, contribuindo assim para a fixa\u00e7\u00e3o de CO\u2082 a longo prazo.<\/span><\/p>\t\t\t\t\t\t\t\t<\/div>\n\t\t\t\t<\/div>\n\t\t\t\t\t<\/div>\n\t\t<\/div>\n\t\t\t\t\t<\/div>\n\t\t<\/section>\n\t\t\t\t<\/div>\n\t\t","protected":false},"excerpt":{"rendered":"<p>INBRIGHTNature ADORAMOS IDEIAS INVULGARES INBRIGHT Nature \u00e9 uma associa\u00e7\u00e3o sem fins lucrativos dedicada \u00e0 aquisi\u00e7\u00e3o de terrenos com o objetivo de aumentar o seu valor ecol\u00f3gico. O nosso primeiro projeto \u00e9 um terreno florestal de 20.000 m\u00b2 pr\u00f3ximo de Kremmen, nos arredores de Berlim.\u00c0 primeira vista, este pinhal aparenta ser pura natureza. No entanto, nem [&hellip;]<\/p>\n","protected":false},"author":1,"featured_media":0,"parent":0,"menu_order":9,"comment_status":"closed","ping_status":"closed","template":"elementor_header_footer","meta":{"_acf_changed":false,"footnotes":""},"class_list":["post-9497","page","type-page","status-publish","hentry"],"acf":[],"yoast_head":"<!-- This site is optimized with the Yoast SEO plugin v27.4 - https:\/\/yoast.com\/product\/yoast-seo-wordpress\/ -->\n<title>INBRIGHT Nature | INBRIGHT<\/title>\n<meta name=\"description\" content=\"INBRIGHT Nature \u00e9 uma associa\u00e7\u00e3o sem fins lucrativos dedicada \u00e0 aquisi\u00e7\u00e3o de terrenos com o objetivo de aumentar o seu valor ecol\u00f3gico. O nosso primeiro projeto \u00e9 um terreno florestal de 20.000 m\u00b2 pr\u00f3ximo de Kremmen, nos arredores de Berlim.\" \/>\n<meta name=\"robots\" content=\"index, follow, max-snippet:-1, max-image-preview:large, max-video-preview:-1\" \/>\n<link rel=\"canonical\" href=\"https:\/\/inbright.de\/inbright-nature\/\" \/>\n<meta property=\"og:locale\" content=\"pt_PT\" \/>\n<meta property=\"og:type\" content=\"article\" \/>\n<meta property=\"og:title\" content=\"INBRIGHT Nature | INBRIGHT\" \/>\n<meta property=\"og:description\" content=\"INBRIGHT Nature \u00e9 uma associa\u00e7\u00e3o sem fins lucrativos dedicada \u00e0 aquisi\u00e7\u00e3o de terrenos com o objetivo de aumentar o seu valor ecol\u00f3gico. O nosso primeiro projeto \u00e9 um terreno florestal de 20.000 m\u00b2 pr\u00f3ximo de Kremmen, nos arredores de Berlim.\" \/>\n<meta property=\"og:url\" content=\"https:\/\/inbright.de\/inbright-nature\/\" \/>\n<meta property=\"og:site_name\" content=\"INBRIGHT\" \/>\n<meta property=\"article:modified_time\" content=\"2026-02-13T08:58:23+00:00\" \/>\n<meta property=\"og:image\" content=\"https:\/\/inbright.de\/wp-content\/uploads\/2021\/08\/inbright-startseite.jpg\" \/>\n\t<meta property=\"og:image:width\" content=\"1920\" \/>\n\t<meta property=\"og:image:height\" content=\"1029\" \/>\n\t<meta property=\"og:image:type\" content=\"image\/jpeg\" \/>\n<meta name=\"twitter:card\" content=\"summary_large_image\" \/>\n<meta name=\"twitter:label1\" content=\"Tempo estimado de leitura\" \/>\n\t<meta name=\"twitter:data1\" content=\"2 minutos\" \/>\n<script type=\"application\/ld+json\" class=\"yoast-schema-graph\">{\"@context\":\"https:\\\/\\\/schema.org\",\"@graph\":[{\"@type\":\"WebPage\",\"@id\":\"https:\\\/\\\/inbright.de\\\/inbright-nature\\\/\",\"url\":\"https:\\\/\\\/inbright.de\\\/inbright-nature\\\/\",\"name\":\"INBRIGHT Nature | INBRIGHT\",\"isPartOf\":{\"@id\":\"https:\\\/\\\/inbright.de\\\/#website\"},\"datePublished\":\"2025-08-01T11:38:11+00:00\",\"dateModified\":\"2026-02-13T08:58:23+00:00\",\"description\":\"INBRIGHT Nature \u00e9 uma associa\u00e7\u00e3o sem fins lucrativos dedicada \u00e0 aquisi\u00e7\u00e3o de terrenos com o objetivo de aumentar o seu valor ecol\u00f3gico. O nosso primeiro projeto \u00e9 um terreno florestal de 20.000 m\u00b2 pr\u00f3ximo de Kremmen, nos arredores de Berlim.\",\"breadcrumb\":{\"@id\":\"https:\\\/\\\/inbright.de\\\/inbright-nature\\\/#breadcrumb\"},\"inLanguage\":\"pt-PT\",\"potentialAction\":[{\"@type\":\"ReadAction\",\"target\":[\"https:\\\/\\\/inbright.de\\\/inbright-nature\\\/\"]}]},{\"@type\":\"BreadcrumbList\",\"@id\":\"https:\\\/\\\/inbright.de\\\/inbright-nature\\\/#breadcrumb\",\"itemListElement\":[{\"@type\":\"ListItem\",\"position\":1,\"name\":\"Startseite\",\"item\":\"https:\\\/\\\/inbright.de\\\/\"},{\"@type\":\"ListItem\",\"position\":2,\"name\":\"INBRIGHT Nature\"}]},{\"@type\":\"WebSite\",\"@id\":\"https:\\\/\\\/inbright.de\\\/#website\",\"url\":\"https:\\\/\\\/inbright.de\\\/\",\"name\":\"INBRIGHT\",\"description\":\"Immobilienentwickler, Investor und Asset Manager\",\"publisher\":{\"@id\":\"https:\\\/\\\/inbright.de\\\/#organization\"},\"potentialAction\":[{\"@type\":\"SearchAction\",\"target\":{\"@type\":\"EntryPoint\",\"urlTemplate\":\"https:\\\/\\\/inbright.de\\\/?s={search_term_string}\"},\"query-input\":{\"@type\":\"PropertyValueSpecification\",\"valueRequired\":true,\"valueName\":\"search_term_string\"}}],\"inLanguage\":\"pt-PT\"},{\"@type\":\"Organization\",\"@id\":\"https:\\\/\\\/inbright.de\\\/#organization\",\"name\":\"INBRIGHT Development GmbH\",\"url\":\"https:\\\/\\\/inbright.de\\\/\",\"logo\":{\"@type\":\"ImageObject\",\"inLanguage\":\"pt-PT\",\"@id\":\"https:\\\/\\\/inbright.de\\\/#\\\/schema\\\/logo\\\/image\\\/\",\"url\":\"https:\\\/\\\/inbright.de\\\/wp-content\\\/uploads\\\/2021\\\/08\\\/INBRIGHT_Logo.jpg\",\"contentUrl\":\"https:\\\/\\\/inbright.de\\\/wp-content\\\/uploads\\\/2021\\\/08\\\/INBRIGHT_Logo.jpg\",\"width\":886,\"height\":437,\"caption\":\"INBRIGHT Development GmbH\"},\"image\":{\"@id\":\"https:\\\/\\\/inbright.de\\\/#\\\/schema\\\/logo\\\/image\\\/\"}}]}<\/script>\n<!-- \/ Yoast SEO plugin. -->","yoast_head_json":{"title":"INBRIGHT Nature | INBRIGHT","description":"INBRIGHT Nature \u00e9 uma associa\u00e7\u00e3o sem fins lucrativos dedicada \u00e0 aquisi\u00e7\u00e3o de terrenos com o objetivo de aumentar o seu valor ecol\u00f3gico. O nosso primeiro projeto \u00e9 um terreno florestal de 20.000 m\u00b2 pr\u00f3ximo de Kremmen, nos arredores de Berlim.","robots":{"index":"index","follow":"follow","max-snippet":"max-snippet:-1","max-image-preview":"max-image-preview:large","max-video-preview":"max-video-preview:-1"},"canonical":"https:\/\/inbright.de\/inbright-nature\/","og_locale":"pt_PT","og_type":"article","og_title":"INBRIGHT Nature | INBRIGHT","og_description":"INBRIGHT Nature \u00e9 uma associa\u00e7\u00e3o sem fins lucrativos dedicada \u00e0 aquisi\u00e7\u00e3o de terrenos com o objetivo de aumentar o seu valor ecol\u00f3gico. O nosso primeiro projeto \u00e9 um terreno florestal de 20.000 m\u00b2 pr\u00f3ximo de Kremmen, nos arredores de Berlim.","og_url":"https:\/\/inbright.de\/inbright-nature\/","og_site_name":"INBRIGHT","article_modified_time":"2026-02-13T08:58:23+00:00","og_image":[{"width":1920,"height":1029,"url":"https:\/\/inbright.de\/wp-content\/uploads\/2021\/08\/inbright-startseite.jpg","type":"image\/jpeg"}],"twitter_card":"summary_large_image","twitter_misc":{"Tempo estimado de leitura":"2 minutos"},"schema":{"@context":"https:\/\/schema.org","@graph":[{"@type":"WebPage","@id":"https:\/\/inbright.de\/inbright-nature\/","url":"https:\/\/inbright.de\/inbright-nature\/","name":"INBRIGHT Nature | INBRIGHT","isPartOf":{"@id":"https:\/\/inbright.de\/#website"},"datePublished":"2025-08-01T11:38:11+00:00","dateModified":"2026-02-13T08:58:23+00:00","description":"INBRIGHT Nature \u00e9 uma associa\u00e7\u00e3o sem fins lucrativos dedicada \u00e0 aquisi\u00e7\u00e3o de terrenos com o objetivo de aumentar o seu valor ecol\u00f3gico. O nosso primeiro projeto \u00e9 um terreno florestal de 20.000 m\u00b2 pr\u00f3ximo de Kremmen, nos arredores de Berlim.","breadcrumb":{"@id":"https:\/\/inbright.de\/inbright-nature\/#breadcrumb"},"inLanguage":"pt-PT","potentialAction":[{"@type":"ReadAction","target":["https:\/\/inbright.de\/inbright-nature\/"]}]},{"@type":"BreadcrumbList","@id":"https:\/\/inbright.de\/inbright-nature\/#breadcrumb","itemListElement":[{"@type":"ListItem","position":1,"name":"Startseite","item":"https:\/\/inbright.de\/"},{"@type":"ListItem","position":2,"name":"INBRIGHT Nature"}]},{"@type":"WebSite","@id":"https:\/\/inbright.de\/#website","url":"https:\/\/inbright.de\/","name":"INBRIGHT","description":"Immobilienentwickler, Investor und Asset Manager","publisher":{"@id":"https:\/\/inbright.de\/#organization"},"potentialAction":[{"@type":"SearchAction","target":{"@type":"EntryPoint","urlTemplate":"https:\/\/inbright.de\/?s={search_term_string}"},"query-input":{"@type":"PropertyValueSpecification","valueRequired":true,"valueName":"search_term_string"}}],"inLanguage":"pt-PT"},{"@type":"Organization","@id":"https:\/\/inbright.de\/#organization","name":"INBRIGHT Development GmbH","url":"https:\/\/inbright.de\/","logo":{"@type":"ImageObject","inLanguage":"pt-PT","@id":"https:\/\/inbright.de\/#\/schema\/logo\/image\/","url":"https:\/\/inbright.de\/wp-content\/uploads\/2021\/08\/INBRIGHT_Logo.jpg","contentUrl":"https:\/\/inbright.de\/wp-content\/uploads\/2021\/08\/INBRIGHT_Logo.jpg","width":886,"height":437,"caption":"INBRIGHT Development GmbH"},"image":{"@id":"https:\/\/inbright.de\/#\/schema\/logo\/image\/"}}]}},"_links":{"self":[{"href":"https:\/\/inbright.de\/pt\/wp-json\/wp\/v2\/pages\/9497","targetHints":{"allow":["GET"]}}],"collection":[{"href":"https:\/\/inbright.de\/pt\/wp-json\/wp\/v2\/pages"}],"about":[{"href":"https:\/\/inbright.de\/pt\/wp-json\/wp\/v2\/types\/page"}],"author":[{"embeddable":true,"href":"https:\/\/inbright.de\/pt\/wp-json\/wp\/v2\/users\/1"}],"replies":[{"embeddable":true,"href":"https:\/\/inbright.de\/pt\/wp-json\/wp\/v2\/comments?post=9497"}],"version-history":[{"count":2,"href":"https:\/\/inbright.de\/pt\/wp-json\/wp\/v2\/pages\/9497\/revisions"}],"predecessor-version":[{"id":11561,"href":"https:\/\/inbright.de\/pt\/wp-json\/wp\/v2\/pages\/9497\/revisions\/11561"}],"wp:attachment":[{"href":"https:\/\/inbright.de\/pt\/wp-json\/wp\/v2\/media?parent=9497"}],"curies":[{"name":"wp","href":"https:\/\/api.w.org\/{rel}","templated":true}]}}