{"id":9473,"date":"2025-08-01T11:58:39","date_gmt":"2025-08-01T09:58:39","guid":{"rendered":"https:\/\/inbright.de\/?page_id=9473"},"modified":"2025-08-01T17:57:40","modified_gmt":"2025-08-01T15:57:40","slug":"definicao-da-nossa-estrategia-esg","status":"publish","type":"page","link":"https:\/\/inbright.de\/pt\/definicao-da-nossa-estrategia-esg\/","title":{"rendered":"Defini\u00e7\u00e3o da nossa estrat\u00e9gia ESG"},"content":{"rendered":"\t\t<div data-elementor-type=\"wp-page\" data-elementor-id=\"9473\" class=\"elementor elementor-9473 elementor-3323\" data-elementor-post-type=\"page\">\n\t\t\t\t\t\t<section class=\"elementor-section elementor-top-section elementor-element elementor-element-2f9c09f elementor-section-boxed elementor-section-height-default elementor-section-height-default\" data-id=\"2f9c09f\" data-element_type=\"section\" data-e-type=\"section\" id=\"show-fixed-bar\">\n\t\t\t\t\t\t<div class=\"elementor-container elementor-column-gap-default\">\n\t\t\t\t\t<div class=\"elementor-column elementor-col-100 elementor-top-column elementor-element elementor-element-57038cf\" data-id=\"57038cf\" data-element_type=\"column\" data-e-type=\"column\">\n\t\t\t<div class=\"elementor-widget-wrap elementor-element-populated\">\n\t\t\t\t\t\t<div class=\"elementor-element elementor-element-4d6d52a elementor-widget elementor-widget-heading\" data-id=\"4d6d52a\" data-element_type=\"widget\" data-e-type=\"widget\" data-widget_type=\"heading.default\">\n\t\t\t\t<div class=\"elementor-widget-container\">\n\t\t\t\t\t<h2 class=\"elementor-heading-title elementor-size-default\">Defini\u00e7\u00e3o da nossa<br>estrat\u00e9gia ESG<\/h2>\t\t\t\t<\/div>\n\t\t\t\t<\/div>\n\t\t\t\t\t<\/div>\n\t\t<\/div>\n\t\t\t\t\t<\/div>\n\t\t<\/section>\n\t\t\t\t<section class=\"elementor-section elementor-top-section elementor-element elementor-element-3a433e2 elementor-section-boxed elementor-section-height-default elementor-section-height-default\" data-id=\"3a433e2\" data-element_type=\"section\" data-e-type=\"section\">\n\t\t\t\t\t\t<div class=\"elementor-container elementor-column-gap-default\">\n\t\t\t\t\t<div class=\"elementor-column elementor-col-100 elementor-top-column elementor-element elementor-element-c9efeab\" data-id=\"c9efeab\" data-element_type=\"column\" data-e-type=\"column\">\n\t\t\t<div class=\"elementor-widget-wrap elementor-element-populated\">\n\t\t\t\t\t\t<div class=\"elementor-element elementor-element-018b236 elementor-widget elementor-widget-image\" data-id=\"018b236\" data-element_type=\"widget\" data-e-type=\"widget\" data-widget_type=\"image.default\">\n\t\t\t\t<div class=\"elementor-widget-container\">\n\t\t\t\t\t\t\t\t\t\t\t\t\t\t\t<img fetchpriority=\"high\" decoding=\"async\" width=\"2560\" height=\"1701\" src=\"https:\/\/inbright.de\/wp-content\/uploads\/2021\/08\/eyeem-100011221-146595852-scaled.jpg\" class=\"attachment-full size-full wp-image-9477\" alt=\"\" srcset=\"https:\/\/inbright.de\/wp-content\/uploads\/2021\/08\/eyeem-100011221-146595852-scaled.jpg 2560w, https:\/\/inbright.de\/wp-content\/uploads\/2021\/08\/eyeem-100011221-146595852-300x199.jpg 300w, https:\/\/inbright.de\/wp-content\/uploads\/2021\/08\/eyeem-100011221-146595852-1024x680.jpg 1024w, https:\/\/inbright.de\/wp-content\/uploads\/2021\/08\/eyeem-100011221-146595852-768x510.jpg 768w, https:\/\/inbright.de\/wp-content\/uploads\/2021\/08\/eyeem-100011221-146595852-1536x1020.jpg 1536w, https:\/\/inbright.de\/wp-content\/uploads\/2021\/08\/eyeem-100011221-146595852-2048x1360.jpg 2048w\" sizes=\"(max-width: 2560px) 100vw, 2560px\" \/>\t\t\t\t\t\t\t\t\t\t\t\t\t\t\t<\/div>\n\t\t\t\t<\/div>\n\t\t\t\t\t<\/div>\n\t\t<\/div>\n\t\t\t\t\t<\/div>\n\t\t<\/section>\n\t\t\t\t<section class=\"elementor-section elementor-top-section elementor-element elementor-element-308f3b3 elementor-section-boxed elementor-section-height-default elementor-section-height-default\" data-id=\"308f3b3\" data-element_type=\"section\" data-e-type=\"section\">\n\t\t\t\t\t\t<div class=\"elementor-container elementor-column-gap-default\">\n\t\t\t\t\t<div class=\"elementor-column elementor-col-100 elementor-top-column elementor-element elementor-element-ee40cc8\" data-id=\"ee40cc8\" data-element_type=\"column\" data-e-type=\"column\">\n\t\t\t<div class=\"elementor-widget-wrap elementor-element-populated\">\n\t\t\t\t\t\t<div class=\"elementor-element elementor-element-28871bd elementor-widget elementor-widget-text-editor\" data-id=\"28871bd\" data-element_type=\"widget\" data-e-type=\"widget\" data-widget_type=\"text-editor.default\">\n\t\t\t\t<div class=\"elementor-widget-container\">\n\t\t\t\t\t\t\t\t\t<p><span lang=\"pt-PT\">Para garantir que a nossa estrat\u00e9gia ESG est\u00e1 alinhada com as prioridades do neg\u00f3cio, da sociedade e do ambiente, foram definidos temas essenciais e posteriormente validados com base num esquema de avalia\u00e7\u00e3o estruturado. Este processo foi desenvolvido ao longo de v\u00e1rios dias, com o apoio de um consultor externo especializado, e baseia-se num modelo de avalia\u00e7\u00e3o rigoroso.<\/span><\/p><p><span lang=\"pt-PT\">Os t\u00f3picos identificados refletem as principais exig\u00eancias de normas e referenciais reconhecidos no setor, como a <a href=\"https:\/\/www.dgnb.de\/de\">DGNB<\/a>, <a href=\"https:\/\/www.usgbc.org\/leed\">LEED<\/a> e <a href=\"https:\/\/gresb.com\/\">GRESB<\/a>, bem como de standards internacionais de sustentabilidade, como a <a href=\"https:\/\/www.globalreporting.org\/\">GRI (Global Reporting Initiative)<\/a>, o <a href=\"https:\/\/www.sasb.org\/\">SASB (Sustainability Accounting Standards Board)<\/a> e os Objetivos de Desenvolvimento Sustent\u00e1vel (ODS) da ONU. Este conjunto foi ainda complementado com requisitos espec\u00edficos do setor das ind\u00fastrias ligeiras.<\/span><\/p><p><span lang=\"pt-PT\">A avalia\u00e7\u00e3o de materialidade foi conduzida com base numa matriz bidimensional, tendo em conta as dimens\u00f5es de &#8220;Relev\u00e2ncia para o Neg\u00f3cio&#8221; e &#8220;Impacto Ambiental e Social&#8221;, segundo um crit\u00e9rio de pontua\u00e7\u00e3o definido. Os temas com pontua\u00e7\u00f5es mais elevadas em ambas as dimens\u00f5es \u2013 e, portanto, localizados na zona superior da matriz de materialidade \u2013 constituem a base da nossa estrat\u00e9gia ESG e do respetivo programa de sustentabilidade.<\/span><\/p><p><span lang=\"pt-PT\">Este processo \u00e9 revisto periodicamente com o envolvimento de stakeholders internos e externos, assegurando uma abordagem din\u00e2mica, transparente e alinhada com as expectativas em constante evolu\u00e7\u00e3o.<\/span><\/p>\t\t\t\t\t\t\t\t<\/div>\n\t\t\t\t<\/div>\n\t\t\t\t\t<\/div>\n\t\t<\/div>\n\t\t\t\t\t<\/div>\n\t\t<\/section>\n\t\t\t\t<\/div>\n\t\t","protected":false},"excerpt":{"rendered":"<p>Defini\u00e7\u00e3o da nossaestrat\u00e9gia ESG Para garantir que a nossa estrat\u00e9gia ESG est\u00e1 alinhada com as prioridades do neg\u00f3cio, da sociedade e do ambiente, foram definidos temas essenciais e posteriormente validados com base num esquema de avalia\u00e7\u00e3o estruturado. Este processo foi desenvolvido ao longo de v\u00e1rios dias, com o apoio de um consultor externo especializado, e [&hellip;]<\/p>\n","protected":false},"author":1,"featured_media":0,"parent":0,"menu_order":5,"comment_status":"closed","ping_status":"closed","template":"full-width.php","meta":{"_acf_changed":false,"footnotes":""},"class_list":["post-9473","page","type-page","status-publish","hentry"],"acf":[],"yoast_head":"<!-- This site is optimized with the Yoast SEO plugin v27.4 - https:\/\/yoast.com\/product\/yoast-seo-wordpress\/ -->\n<title>Defini\u00e7\u00e3o da nossa estrat\u00e9gia ESG | INBRIGHT<\/title>\n<meta name=\"description\" content=\"Para garantir que a nossa estrat\u00e9gia ESG est\u00e1 alinhada com as prioridades do neg\u00f3cio, da sociedade e do ambiente, foram definidos temas essenciais e posteriormente validados com base num esquema de avalia\u00e7\u00e3o estruturado.\" \/>\n<meta name=\"robots\" content=\"index, follow, max-snippet:-1, max-image-preview:large, max-video-preview:-1\" \/>\n<link rel=\"canonical\" href=\"https:\/\/inbright.de\/herleitung-unserer-esg-strategie\/\" \/>\n<meta property=\"og:locale\" content=\"pt_PT\" \/>\n<meta property=\"og:type\" content=\"article\" \/>\n<meta property=\"og:title\" content=\"Defini\u00e7\u00e3o da nossa estrat\u00e9gia ESG | INBRIGHT\" \/>\n<meta property=\"og:description\" content=\"Para garantir que a nossa estrat\u00e9gia ESG est\u00e1 alinhada com as prioridades do neg\u00f3cio, da sociedade e do ambiente, foram definidos temas essenciais e posteriormente validados com base num esquema de avalia\u00e7\u00e3o estruturado.\" \/>\n<meta property=\"og:url\" content=\"https:\/\/inbright.de\/herleitung-unserer-esg-strategie\/\" \/>\n<meta property=\"og:site_name\" content=\"INBRIGHT\" \/>\n<meta property=\"article:modified_time\" content=\"2025-08-01T15:57:40+00:00\" \/>\n<meta property=\"og:image\" content=\"https:\/\/inbright.de\/wp-content\/uploads\/2021\/08\/eyeem-100011221-146595852-scaled.jpg\" \/>\n\t<meta property=\"og:image:width\" content=\"2560\" \/>\n\t<meta property=\"og:image:height\" content=\"1701\" \/>\n\t<meta property=\"og:image:type\" content=\"image\/jpeg\" \/>\n<meta name=\"twitter:card\" content=\"summary_large_image\" \/>\n<meta name=\"twitter:label1\" content=\"Tempo estimado de leitura\" \/>\n\t<meta name=\"twitter:data1\" content=\"2 minutos\" \/>\n<script type=\"application\/ld+json\" class=\"yoast-schema-graph\">{\"@context\":\"https:\\\/\\\/schema.org\",\"@graph\":[{\"@type\":\"WebPage\",\"@id\":\"https:\\\/\\\/inbright.de\\\/herleitung-unserer-esg-strategie\\\/\",\"url\":\"https:\\\/\\\/inbright.de\\\/herleitung-unserer-esg-strategie\\\/\",\"name\":\"Defini\u00e7\u00e3o da nossa estrat\u00e9gia ESG | INBRIGHT\",\"isPartOf\":{\"@id\":\"https:\\\/\\\/inbright.de\\\/#website\"},\"primaryImageOfPage\":{\"@id\":\"https:\\\/\\\/inbright.de\\\/herleitung-unserer-esg-strategie\\\/#primaryimage\"},\"image\":{\"@id\":\"https:\\\/\\\/inbright.de\\\/herleitung-unserer-esg-strategie\\\/#primaryimage\"},\"thumbnailUrl\":\"https:\\\/\\\/inbright.de\\\/wp-content\\\/uploads\\\/2021\\\/08\\\/eyeem-100011221-146595852-scaled.jpg\",\"datePublished\":\"2025-08-01T09:58:39+00:00\",\"dateModified\":\"2025-08-01T15:57:40+00:00\",\"description\":\"Para garantir que a nossa estrat\u00e9gia ESG est\u00e1 alinhada com as prioridades do neg\u00f3cio, da sociedade e do ambiente, foram definidos temas essenciais e posteriormente validados com base num esquema de avalia\u00e7\u00e3o estruturado.\",\"breadcrumb\":{\"@id\":\"https:\\\/\\\/inbright.de\\\/herleitung-unserer-esg-strategie\\\/#breadcrumb\"},\"inLanguage\":\"pt-PT\",\"potentialAction\":[{\"@type\":\"ReadAction\",\"target\":[\"https:\\\/\\\/inbright.de\\\/herleitung-unserer-esg-strategie\\\/\"]}]},{\"@type\":\"ImageObject\",\"inLanguage\":\"pt-PT\",\"@id\":\"https:\\\/\\\/inbright.de\\\/herleitung-unserer-esg-strategie\\\/#primaryimage\",\"url\":\"https:\\\/\\\/inbright.de\\\/wp-content\\\/uploads\\\/2021\\\/08\\\/eyeem-100011221-146595852-scaled.jpg\",\"contentUrl\":\"https:\\\/\\\/inbright.de\\\/wp-content\\\/uploads\\\/2021\\\/08\\\/eyeem-100011221-146595852-scaled.jpg\"},{\"@type\":\"BreadcrumbList\",\"@id\":\"https:\\\/\\\/inbright.de\\\/herleitung-unserer-esg-strategie\\\/#breadcrumb\",\"itemListElement\":[{\"@type\":\"ListItem\",\"position\":1,\"name\":\"Startseite\",\"item\":\"https:\\\/\\\/inbright.de\\\/\"},{\"@type\":\"ListItem\",\"position\":2,\"name\":\"Defini\u00e7\u00e3o da nossa estrat\u00e9gia ESG\"}]},{\"@type\":\"WebSite\",\"@id\":\"https:\\\/\\\/inbright.de\\\/#website\",\"url\":\"https:\\\/\\\/inbright.de\\\/\",\"name\":\"INBRIGHT\",\"description\":\"Immobilienentwickler, Investor und Asset Manager\",\"publisher\":{\"@id\":\"https:\\\/\\\/inbright.de\\\/#organization\"},\"potentialAction\":[{\"@type\":\"SearchAction\",\"target\":{\"@type\":\"EntryPoint\",\"urlTemplate\":\"https:\\\/\\\/inbright.de\\\/?s={search_term_string}\"},\"query-input\":{\"@type\":\"PropertyValueSpecification\",\"valueRequired\":true,\"valueName\":\"search_term_string\"}}],\"inLanguage\":\"pt-PT\"},{\"@type\":\"Organization\",\"@id\":\"https:\\\/\\\/inbright.de\\\/#organization\",\"name\":\"INBRIGHT Development GmbH\",\"url\":\"https:\\\/\\\/inbright.de\\\/\",\"logo\":{\"@type\":\"ImageObject\",\"inLanguage\":\"pt-PT\",\"@id\":\"https:\\\/\\\/inbright.de\\\/#\\\/schema\\\/logo\\\/image\\\/\",\"url\":\"https:\\\/\\\/inbright.de\\\/wp-content\\\/uploads\\\/2021\\\/08\\\/INBRIGHT_Logo.jpg\",\"contentUrl\":\"https:\\\/\\\/inbright.de\\\/wp-content\\\/uploads\\\/2021\\\/08\\\/INBRIGHT_Logo.jpg\",\"width\":886,\"height\":437,\"caption\":\"INBRIGHT Development GmbH\"},\"image\":{\"@id\":\"https:\\\/\\\/inbright.de\\\/#\\\/schema\\\/logo\\\/image\\\/\"}}]}<\/script>\n<!-- \/ Yoast SEO plugin. -->","yoast_head_json":{"title":"Defini\u00e7\u00e3o da nossa estrat\u00e9gia ESG | INBRIGHT","description":"Para garantir que a nossa estrat\u00e9gia ESG est\u00e1 alinhada com as prioridades do neg\u00f3cio, da sociedade e do ambiente, foram definidos temas essenciais e posteriormente validados com base num esquema de avalia\u00e7\u00e3o estruturado.","robots":{"index":"index","follow":"follow","max-snippet":"max-snippet:-1","max-image-preview":"max-image-preview:large","max-video-preview":"max-video-preview:-1"},"canonical":"https:\/\/inbright.de\/herleitung-unserer-esg-strategie\/","og_locale":"pt_PT","og_type":"article","og_title":"Defini\u00e7\u00e3o da nossa estrat\u00e9gia ESG | INBRIGHT","og_description":"Para garantir que a nossa estrat\u00e9gia ESG est\u00e1 alinhada com as prioridades do neg\u00f3cio, da sociedade e do ambiente, foram definidos temas essenciais e posteriormente validados com base num esquema de avalia\u00e7\u00e3o estruturado.","og_url":"https:\/\/inbright.de\/herleitung-unserer-esg-strategie\/","og_site_name":"INBRIGHT","article_modified_time":"2025-08-01T15:57:40+00:00","og_image":[{"width":2560,"height":1701,"url":"https:\/\/inbright.de\/wp-content\/uploads\/2021\/08\/eyeem-100011221-146595852-scaled.jpg","type":"image\/jpeg"}],"twitter_card":"summary_large_image","twitter_misc":{"Tempo estimado de leitura":"2 minutos"},"schema":{"@context":"https:\/\/schema.org","@graph":[{"@type":"WebPage","@id":"https:\/\/inbright.de\/herleitung-unserer-esg-strategie\/","url":"https:\/\/inbright.de\/herleitung-unserer-esg-strategie\/","name":"Defini\u00e7\u00e3o da nossa estrat\u00e9gia ESG | INBRIGHT","isPartOf":{"@id":"https:\/\/inbright.de\/#website"},"primaryImageOfPage":{"@id":"https:\/\/inbright.de\/herleitung-unserer-esg-strategie\/#primaryimage"},"image":{"@id":"https:\/\/inbright.de\/herleitung-unserer-esg-strategie\/#primaryimage"},"thumbnailUrl":"https:\/\/inbright.de\/wp-content\/uploads\/2021\/08\/eyeem-100011221-146595852-scaled.jpg","datePublished":"2025-08-01T09:58:39+00:00","dateModified":"2025-08-01T15:57:40+00:00","description":"Para garantir que a nossa estrat\u00e9gia ESG est\u00e1 alinhada com as prioridades do neg\u00f3cio, da sociedade e do ambiente, foram definidos temas essenciais e posteriormente validados com base num esquema de avalia\u00e7\u00e3o estruturado.","breadcrumb":{"@id":"https:\/\/inbright.de\/herleitung-unserer-esg-strategie\/#breadcrumb"},"inLanguage":"pt-PT","potentialAction":[{"@type":"ReadAction","target":["https:\/\/inbright.de\/herleitung-unserer-esg-strategie\/"]}]},{"@type":"ImageObject","inLanguage":"pt-PT","@id":"https:\/\/inbright.de\/herleitung-unserer-esg-strategie\/#primaryimage","url":"https:\/\/inbright.de\/wp-content\/uploads\/2021\/08\/eyeem-100011221-146595852-scaled.jpg","contentUrl":"https:\/\/inbright.de\/wp-content\/uploads\/2021\/08\/eyeem-100011221-146595852-scaled.jpg"},{"@type":"BreadcrumbList","@id":"https:\/\/inbright.de\/herleitung-unserer-esg-strategie\/#breadcrumb","itemListElement":[{"@type":"ListItem","position":1,"name":"Startseite","item":"https:\/\/inbright.de\/"},{"@type":"ListItem","position":2,"name":"Defini\u00e7\u00e3o da nossa estrat\u00e9gia ESG"}]},{"@type":"WebSite","@id":"https:\/\/inbright.de\/#website","url":"https:\/\/inbright.de\/","name":"INBRIGHT","description":"Immobilienentwickler, Investor und Asset Manager","publisher":{"@id":"https:\/\/inbright.de\/#organization"},"potentialAction":[{"@type":"SearchAction","target":{"@type":"EntryPoint","urlTemplate":"https:\/\/inbright.de\/?s={search_term_string}"},"query-input":{"@type":"PropertyValueSpecification","valueRequired":true,"valueName":"search_term_string"}}],"inLanguage":"pt-PT"},{"@type":"Organization","@id":"https:\/\/inbright.de\/#organization","name":"INBRIGHT Development GmbH","url":"https:\/\/inbright.de\/","logo":{"@type":"ImageObject","inLanguage":"pt-PT","@id":"https:\/\/inbright.de\/#\/schema\/logo\/image\/","url":"https:\/\/inbright.de\/wp-content\/uploads\/2021\/08\/INBRIGHT_Logo.jpg","contentUrl":"https:\/\/inbright.de\/wp-content\/uploads\/2021\/08\/INBRIGHT_Logo.jpg","width":886,"height":437,"caption":"INBRIGHT Development GmbH"},"image":{"@id":"https:\/\/inbright.de\/#\/schema\/logo\/image\/"}}]}},"_links":{"self":[{"href":"https:\/\/inbright.de\/pt\/wp-json\/wp\/v2\/pages\/9473","targetHints":{"allow":["GET"]}}],"collection":[{"href":"https:\/\/inbright.de\/pt\/wp-json\/wp\/v2\/pages"}],"about":[{"href":"https:\/\/inbright.de\/pt\/wp-json\/wp\/v2\/types\/page"}],"author":[{"embeddable":true,"href":"https:\/\/inbright.de\/pt\/wp-json\/wp\/v2\/users\/1"}],"replies":[{"embeddable":true,"href":"https:\/\/inbright.de\/pt\/wp-json\/wp\/v2\/comments?post=9473"}],"version-history":[{"count":2,"href":"https:\/\/inbright.de\/pt\/wp-json\/wp\/v2\/pages\/9473\/revisions"}],"predecessor-version":[{"id":9767,"href":"https:\/\/inbright.de\/pt\/wp-json\/wp\/v2\/pages\/9473\/revisions\/9767"}],"wp:attachment":[{"href":"https:\/\/inbright.de\/pt\/wp-json\/wp\/v2\/media?parent=9473"}],"curies":[{"name":"wp","href":"https:\/\/api.w.org\/{rel}","templated":true}]}}